{"id":1298,"date":"2024-12-13T11:48:46","date_gmt":"2024-12-13T11:48:46","guid":{"rendered":"https:\/\/konceptsitesolutions.dk\/?page_id=1298"},"modified":"2024-12-13T11:48:47","modified_gmt":"2024-12-13T11:48:47","slug":"privacy-policy-2","status":"publish","type":"page","link":"https:\/\/konceptsitesolutions.dk\/da\/privacy-policy-2\/","title":{"rendered":"Privatlivspolitik"},"content":{"rendered":"<p><strong>Privatlivspolitik<\/strong><\/p>\n\n\n\n<p><strong>Ikrafttr\u00e6delsesdato:<\/strong> 13. december 2024<\/p>\n\n\n\n<p>KONCEPT SITE SOLUTIONS APS (&quot;vi&quot;, &quot;vores&quot;, &quot;os&quot;) er forpligtet til at beskytte dit privatliv. Denne privatlivspolitik beskriver, hvordan vi indsamler, bruger og beskytter dine personlige data, n\u00e5r du bes\u00f8ger vores hjemmeside, https:\/\/konceptsitesolutions.dk\/ (&quot;Hjemmesiden&quot;) og interagerer med vores tjenester.<\/p>\n\n\n\n<p>Vi overholder den generelle databeskyttelsesforordning (GDPR) og andre g\u00e6ldende love om beskyttelse af personlige oplysninger. Ved at bruge vores websted eller vores tjenester giver du dit samtykke til den praksis, der er beskrevet i denne politik.<\/p>\n\n\n\n<hr class=\"wp-block-separator has-alpha-channel-opacity\"\/>\n\n\n\n<h3 class=\"wp-block-heading\"><strong>1. Oplysninger om dataansvarlig<\/strong><\/h3>\n\n\n\n<ul class=\"wp-block-list\">\n<li><strong>Virksomhedens navn:<\/strong> KONCEPT SITE SOLUTIONS APS<\/li>\n\n\n\n<li><strong>CVR-nummer:<\/strong> 44426943<\/li>\n\n\n\n<li><strong>EUID:<\/strong> DKCVR.44426943<\/li>\n\n\n\n<li><strong>Adresse:<\/strong> Svanevej 30, 4970 R\u00f8dby, Danmark<\/li>\n\n\n\n<li><strong>E-mail:<\/strong> contact@konceptsitesolutions.dk<\/li>\n<\/ul>\n\n\n\n<hr class=\"wp-block-separator has-alpha-channel-opacity\"\/>\n\n\n\n<h3 class=\"wp-block-heading\"><strong>2. Data vi indsamler<\/strong><\/h3>\n\n\n\n<p>Vi indsamler og behandler f\u00f8lgende kategorier af personoplysninger:<\/p>\n\n\n\n<h4 class=\"wp-block-heading\"><strong>2.1 Data du leverer direkte<\/strong><\/h4>\n\n\n\n<ul class=\"wp-block-list\">\n<li><strong>Kontaktoplysninger:<\/strong> Navn, e-mailadresse, telefonnummer og firmanavn.<\/li>\n\n\n\n<li><strong>Projektdetaljer:<\/strong> Enhver information, du deler, n\u00e5r du anmoder om tilbud eller foresp\u00f8rgsler om vores tjenester.<\/li>\n<\/ul>\n\n\n\n<h4 class=\"wp-block-heading\"><strong>2.2 Data indsamlet automatisk<\/strong><\/h4>\n\n\n\n<ul class=\"wp-block-list\">\n<li><strong>Tekniske data:<\/strong> IP-adresse, browsertype, operativsystem og enhedsoplysninger.<\/li>\n\n\n\n<li><strong>Brugsdata:<\/strong> Bes\u00f8gte sider, tid brugt p\u00e5 hjemmesiden og andre interaktionsdata.<\/li>\n<\/ul>\n\n\n\n<h4 class=\"wp-block-heading\"><strong>2.3 Cookies og sporingsteknologier<\/strong><\/h4>\n\n\n\n<p>Vi bruger cookies og lignende teknologier til at forbedre din oplevelse p\u00e5 vores hjemmeside. For mere information, se venligst vores <a href=\"#\">Cookiepolitik<\/a>.<\/p>\n\n\n\n<hr class=\"wp-block-separator has-alpha-channel-opacity\"\/>\n\n\n\n<h3 class=\"wp-block-heading\"><strong>3. Form\u00e5l med databehandling<\/strong><\/h3>\n\n\n\n<p>Vi behandler dine personoplysninger til f\u00f8lgende form\u00e5l:<\/p>\n\n\n\n<ol class=\"wp-block-list\">\n<li><strong>At levere tjenester:<\/strong><\/li>\n<\/ol>\n\n\n\n<ul class=\"wp-block-list\">\n<li>H\u00e5ndtering af foresp\u00f8rgsler og afgivelse af tilbud.<\/li>\n\n\n\n<li>Levering af bygge- og bemandingsl\u00f8sninger til skandinaviske virksomheder.<\/li>\n<\/ul>\n\n\n\n<ol class=\"wp-block-list\">\n<li><strong>For at kommunikere med dig:<\/strong><\/li>\n<\/ol>\n\n\n\n<ul class=\"wp-block-list\">\n<li>Svar p\u00e5 dine anmodninger eller sp\u00f8rgsm\u00e5l.<\/li>\n\n\n\n<li>Sende opdateringer, tilbud og salgsfremmende materialer (hvis du har tilmeldt dig).<\/li>\n<\/ul>\n\n\n\n<ol class=\"wp-block-list\">\n<li><strong>For at forbedre vores hjemmeside:<\/strong><\/li>\n<\/ol>\n\n\n\n<ul class=\"wp-block-list\">\n<li>Analyse af brugeradf\u00e6rd for at forbedre funktionalitet og brugeroplevelse.<\/li>\n<\/ul>\n\n\n\n<ol class=\"wp-block-list\">\n<li><strong>For at overholde juridiske forpligtelser:<\/strong><\/li>\n<\/ol>\n\n\n\n<ul class=\"wp-block-list\">\n<li>Vedligeholdelse af optegnelser for skatte- og lovoverholdelse.<\/li>\n<\/ul>\n\n\n\n<hr class=\"wp-block-separator has-alpha-channel-opacity\"\/>\n\n\n\n<h3 class=\"wp-block-heading\"><strong>4. Retsgrundlag for behandling<\/strong><\/h3>\n\n\n\n<p>Vi er afh\u00e6ngige af f\u00f8lgende juridiske grunde til at behandle dine personoplysninger:<\/p>\n\n\n\n<ol class=\"wp-block-list\">\n<li><strong>Kontraktlig n\u00f8dvendighed:<\/strong> For at opfylde vores forpligtelser i henhold til kontrakter med dig.<\/li>\n\n\n\n<li><strong>Juridisk forpligtelse:<\/strong> For at overholde g\u00e6ldende love og regler.<\/li>\n\n\n\n<li><strong>Samtykke:<\/strong> Til markedsf\u00f8ringskommunikation, eller n\u00e5r du giver udtrykkeligt samtykke.<\/li>\n\n\n\n<li><strong>Berettiget interesse:<\/strong> At analysere og forbedre vores tjenester og sikre webstedets sikkerhed.<\/li>\n<\/ol>\n\n\n\n<hr class=\"wp-block-separator has-alpha-channel-opacity\"\/>\n\n\n\n<h3 class=\"wp-block-heading\"><strong>5. Datadeling og modtagere<\/strong><\/h3>\n\n\n\n<p>Vi s\u00e6lger eller deler ikke dine data med tredjeparter til markedsf\u00f8ringsform\u00e5l. Vi kan dog dele dine data under f\u00f8lgende omst\u00e6ndigheder:<\/p>\n\n\n\n<ul class=\"wp-block-list\">\n<li><strong>Tjenesteudbydere:<\/strong> Virksomheder, der hj\u00e6lper os med at drive vores websted og levere tjenester (f.eks. hosting, analyser og betalingsbehandling).<\/li>\n\n\n\n<li><strong>Juridiske krav:<\/strong> For at overholde g\u00e6ldende love, retskendelser eller regeringsbestemmelser.<\/li>\n\n\n\n<li><strong>Virksomhedsoverdragelser:<\/strong> I tilf\u00e6lde af fusioner, opk\u00f8b eller salg af aktiver.<\/li>\n<\/ul>\n\n\n\n<hr class=\"wp-block-separator has-alpha-channel-opacity\"\/>\n\n\n\n<h3 class=\"wp-block-heading\"><strong>6. Dataopbevaring<\/strong><\/h3>\n\n\n\n<p>Vi opbevarer kun dine personlige data, s\u00e5 l\u00e6nge det er n\u00f8dvendigt for at opfylde de form\u00e5l, der er beskrevet i denne politik, eller som kr\u00e6vet ved lov. N\u00e5r data ikke l\u00e6ngere er n\u00f8dvendige, slettes de sikkert.<\/p>\n\n\n\n<hr class=\"wp-block-separator has-alpha-channel-opacity\"\/>\n\n\n\n<h3 class=\"wp-block-heading\"><strong>7. Dine rettigheder<\/strong><\/h3>\n\n\n\n<p>I henhold til GDPR har du f\u00f8lgende rettigheder:<\/p>\n\n\n\n<ul class=\"wp-block-list\">\n<li><strong>Ret til adgang:<\/strong> Anmod om en kopi af dine personlige data.<\/li>\n\n\n\n<li><strong>Ret til berigtigelse:<\/strong> Ret un\u00f8jagtige eller ufuldst\u00e6ndige data.<\/li>\n\n\n\n<li><strong>Ret til sletning:<\/strong> Anmod om sletning af dine data under visse omst\u00e6ndigheder.<\/li>\n\n\n\n<li><strong>Ret til begr\u00e6nsning:<\/strong> Begr\u00e6ns behandlingen af dine data.<\/li>\n\n\n\n<li><strong>Ret til dataportabilitet:<\/strong> Modtag dine data i et struktureret, maskinl\u00e6sbart format.<\/li>\n\n\n\n<li><strong>Ret til at g\u00f8re indsigelse:<\/strong> Indsigelse mod behandling baseret p\u00e5 legitime interesser eller direkte markedsf\u00f8ring.<\/li>\n\n\n\n<li><strong>Ret til at tr\u00e6kke samtykke tilbage:<\/strong> Tr\u00e6k dit samtykke tilbage til enhver tid til behandling baseret p\u00e5 samtykke.<\/li>\n<\/ul>\n\n\n\n<p>For at ud\u00f8ve dine rettigheder, kontakt os p\u00e5 contact@konceptsitesolutions.dk. Vi svarer inden for 30 dage.<\/p>\n\n\n\n<hr class=\"wp-block-separator has-alpha-channel-opacity\"\/>\n\n\n\n<h3 class=\"wp-block-heading\"><strong>8. Datasikkerhed<\/strong><\/h3>\n\n\n\n<p>Vi implementerer tekniske og organisatoriske foranstaltninger for at beskytte dine personlige data mod uautoriseret adgang, tab, \u00e6ndring eller videregivelse. Ingen dataoverf\u00f8rsel over internettet er dog fuldst\u00e6ndig sikker. V\u00e6r forsigtig, n\u00e5r du deler information online.<\/p>\n\n\n\n<hr class=\"wp-block-separator has-alpha-channel-opacity\"\/>\n\n\n\n<h3 class=\"wp-block-heading\"><strong>9. Internationale dataoverf\u00f8rsler<\/strong><\/h3>\n\n\n\n<p>Hvis dine data overf\u00f8res uden for Det Europ\u00e6iske \u00d8konomiske Samarbejdsomr\u00e5de (E\u00d8S), sikrer vi, at passende sikkerhedsforanstaltninger er p\u00e5 plads, s\u00e5som standard kontraktklausuler eller tilsvarende foranstaltninger.<\/p>\n\n\n\n<hr class=\"wp-block-separator has-alpha-channel-opacity\"\/>\n\n\n\n<h3 class=\"wp-block-heading\"><strong>10. Cookies<\/strong><\/h3>\n\n\n\n<p>Vores hjemmeside bruger cookies til at forbedre din browseroplevelse. Du kan administrere dine cookie-pr\u00e6ferencer gennem dine browserindstillinger. For flere detaljer, se vores <a href=\"#\">Cookiepolitik<\/a>.<\/p>\n\n\n\n<hr class=\"wp-block-separator has-alpha-channel-opacity\"\/>\n\n\n\n<h3 class=\"wp-block-heading\"><strong>11. Klager<\/strong><\/h3>\n\n\n\n<p>Hvis du mener, at dine rettigheder er blevet kr\u00e6nket, har du ret til at indgive en klage til Datatilsynet:<\/p>\n\n\n\n<ul class=\"wp-block-list\">\n<li><strong>Hjemmeside:<\/strong> <a href=\"https:\/\/www.datatilsynet.dk\">www.datatilsynet.dk<\/a><\/li>\n\n\n\n<li><strong>Telefon:<\/strong> +45 33 19 32 00<\/li>\n\n\n\n<li><strong>E-mail:<\/strong> dt@datatilsynet.dk<\/li>\n<\/ul>\n\n\n\n<hr class=\"wp-block-separator has-alpha-channel-opacity\"\/>\n\n\n\n<h3 class=\"wp-block-heading\"><strong>12. Opdateringer af denne fortrolighedspolitik<\/strong><\/h3>\n\n\n\n<p>Vi kan opdatere denne fortrolighedspolitik fra tid til anden for at afspejle \u00e6ndringer i vores praksis eller juridiske krav. Den seneste version vil altid v\u00e6re tilg\u00e6ngelig p\u00e5 vores hjemmeside.<\/p>\n\n\n\n<hr class=\"wp-block-separator has-alpha-channel-opacity\"\/>\n\n\n\n<p><strong>Kontakt os<\/strong><br>Hvis du har sp\u00f8rgsm\u00e5l til denne privatlivspolitik eller hvordan vi h\u00e5ndterer dine data, bedes du kontakte os:<\/p>\n\n\n\n<ul class=\"wp-block-list\">\n<li><strong>E-mail:<\/strong> contact@konceptsitesolutions.dk<\/li>\n\n\n\n<li><strong>Adresse:<\/strong> Svanevej 30, 4970 R\u00f8dby, Danmark<\/li>\n<\/ul>","protected":false},"excerpt":{"rendered":"<p>Privacy Policy Effective Date: December 13, 2024 KONCEPT SITE SOLUTIONS APS (&#8220;we,&#8221; &#8220;our,&#8221; &#8220;us&#8221;) is committed to protecting your privacy. This privacy policy outlines how we collect, use, and protect your personal data when you visit our website, https:\/\/konceptsitesolutions.dk\/ (&#8220;Website&#8221;), and interact with our services. We comply with the General Data Protection Regulation (GDPR) and [&hellip;]<\/p>\n","protected":false},"author":1,"featured_media":0,"parent":0,"menu_order":0,"comment_status":"closed","ping_status":"closed","template":"","meta":{"footnotes":""},"class_list":["post-1298","page","type-page","status-publish","hentry"],"_links":{"self":[{"href":"https:\/\/konceptsitesolutions.dk\/da\/wp-json\/wp\/v2\/pages\/1298","targetHints":{"allow":["GET"]}}],"collection":[{"href":"https:\/\/konceptsitesolutions.dk\/da\/wp-json\/wp\/v2\/pages"}],"about":[{"href":"https:\/\/konceptsitesolutions.dk\/da\/wp-json\/wp\/v2\/types\/page"}],"author":[{"embeddable":true,"href":"https:\/\/konceptsitesolutions.dk\/da\/wp-json\/wp\/v2\/users\/1"}],"replies":[{"embeddable":true,"href":"https:\/\/konceptsitesolutions.dk\/da\/wp-json\/wp\/v2\/comments?post=1298"}],"version-history":[{"count":1,"href":"https:\/\/konceptsitesolutions.dk\/da\/wp-json\/wp\/v2\/pages\/1298\/revisions"}],"predecessor-version":[{"id":1299,"href":"https:\/\/konceptsitesolutions.dk\/da\/wp-json\/wp\/v2\/pages\/1298\/revisions\/1299"}],"wp:attachment":[{"href":"https:\/\/konceptsitesolutions.dk\/da\/wp-json\/wp\/v2\/media?parent=1298"}],"curies":[{"name":"wp","href":"https:\/\/api.w.org\/{rel}","templated":true}]}}