{"id":1143,"date":"2022-05-30T11:41:38","date_gmt":"2022-05-30T11:41:38","guid":{"rendered":"https:\/\/themexriver.com\/wp\/roonix\/?page_id=22"},"modified":"2024-12-11T21:31:59","modified_gmt":"2024-12-11T21:31:59","slug":"about-us-and-our-services","status":"publish","type":"page","link":"https:\/\/konceptsitesolutions.dk\/da\/about-us-and-our-services\/","title":{"rendered":"Om os og vores tjenester"},"content":{"rendered":"<div data-elementor-type=\"wp-page\" data-elementor-id=\"1143\" class=\"elementor elementor-1143\">\n\t\t\t\t\t\t<section class=\"elementor-section elementor-top-section elementor-element elementor-element-da258b5 elementor-section-full_width elementor-section-height-default elementor-section-height-default\" data-id=\"da258b5\" data-element_type=\"section\" data-e-type=\"section\">\n\t\t\t\t\t\t<div class=\"elementor-container elementor-column-gap-default\">\n\t\t\t\t\t<div class=\"elementor-column elementor-col-100 elementor-top-column elementor-element elementor-element-36b1ad6\" data-id=\"36b1ad6\" data-element_type=\"column\" data-e-type=\"column\">\n\t\t\t<div class=\"elementor-widget-wrap elementor-element-populated\">\n\t\t\t\t\t\t<div class=\"elementor-element elementor-element-bb024f4 elementor-widget elementor-widget-roonix_about_us_v3\" data-id=\"bb024f4\" data-element_type=\"widget\" data-e-type=\"widget\" data-widget_type=\"roonix_about_us_v3.default\">\n\t\t\t\t<div class=\"elementor-widget-container\">\n\t\t\t\t\t    \r\n    <section class=\"about-section-two style-two\">\r\n                <div class=\"auto-container\">\r\n            <div class=\"row clearfix\">\r\n                \r\n                <!-- Image Column -->\r\n                <div class=\"image-column col-lg-6 col-md-12 col-sm-12\">\r\n                    <div class=\"inner-column wow fadeInLeft\" data-wow-delay=\"0ms\" data-wow-duration=\"1500ms\">\r\n                        <div class=\"image\">\r\n                            <img decoding=\"async\" src=\"https:\/\/konceptsitesolutions.dk\/wp-content\/uploads\/2024\/11\/Untitled-1080-x-1080-px-1.png\" alt=\"Awesome Image\" \/>                            <div class=\"experience-box\" style=\"background-image: url(https:\/\/konceptsitesolutions.dk\/wp-content\/uploads\/2022\/05\/19.png)\">\r\n                                                                                            <\/div>\r\n                        <\/div>\r\n                    <\/div>\r\n                <\/div>\r\n                \r\n                <!-- Content Column -->\r\n                <div class=\"content-column col-lg-6 col-md-12 col-sm-12\">\r\n                    <div class=\"inner-column wow fadeInRight\" data-wow-delay=\"0ms\" data-wow-duration=\"1500ms\">\r\n                                                <!-- Sec Title -->\r\n                        <div class=\"sec-title\">\r\n                            <div class=\"title\">Om virksomheden...<\/div>                            <h2>Drevet af passion, styret af erfaring<\/h2>                            <div class=\"text\">Koncept Site Solutions blev f\u00f8dt ud fra en dyb forpligtelse til at transformere den m\u00e5de, projekter bygges p\u00e5. Vores rejse begyndte med en vision om at levere mere end blot arbejdskraft \u2013 vi leverer ekspertise, innovation og p\u00e5lidelighed til alle arbejdspladser. Med hvert projekt skriver vi et nyt kapitel i en historie, der er drevet af dedikation, samarbejde og troen p\u00e5, at gode teams bygger store ting.<\/div>                        <\/div>\r\n                                                <div class=\"row clearfix\">\r\n                                                        <!-- Info Column -->\r\n                            <div class=\"info-column col-lg-6 col-md-6 col-sm-12\">\r\n                                <div class=\"column-inner\">\r\n                                                                                                                                            <\/div>\r\n                            <\/div>\r\n                                                    <\/div>\r\n                    <\/div>\r\n                <\/div>\r\n                \r\n            <\/div>\r\n        <\/div>\r\n    <\/section>\r\n  \r\n    \t\t\t\t<\/div>\n\t\t\t\t<\/div>\n\t\t\t\t\t<\/div>\n\t\t<\/div>\n\t\t\t\t\t<\/div>\n\t\t<\/section>\n\t\t\t\t<section class=\"elementor-section elementor-top-section elementor-element elementor-element-9498085 elementor-section-full_width elementor-section-height-default elementor-section-height-default\" data-id=\"9498085\" data-element_type=\"section\" data-e-type=\"section\">\n\t\t\t\t\t\t<div class=\"elementor-container elementor-column-gap-default\">\n\t\t\t\t\t<div class=\"elementor-column elementor-col-100 elementor-top-column elementor-element elementor-element-f058eb9\" data-id=\"f058eb9\" data-element_type=\"column\" data-e-type=\"column\">\n\t\t\t<div class=\"elementor-widget-wrap elementor-element-populated\">\n\t\t\t\t\t\t<div class=\"elementor-element elementor-element-346b58a elementor-widget elementor-widget-roonix_our_services_tab\" data-id=\"346b58a\" data-element_type=\"widget\" data-e-type=\"widget\" data-widget_type=\"roonix_our_services_tab.default\">\n\t\t\t\t<div class=\"elementor-widget-container\">\n\t\t\t\t\t    \r\n    <section class=\"mission-section\">\r\n        <div class=\"color-layer\" style=\"background-image: url(https:\/\/konceptsitesolutions.dk\/wp-content\/uploads\/2022\/05\/8-2.png)\"><\/div>        <div class=\"auto-container\">\r\n            <div class=\"inner-container\">\r\n                <div class=\"row clearfix\">\r\n                \r\n                    <!-- Tab Column -->\r\n                    <div class=\"tab-column col-lg-9 col-md-12 col-sm-12\">\r\n                        <div class=\"inner-column\">\r\n                            \r\n                            <!-- Mission Info Tabs -->\r\n                            <div class=\"mission-info-tabs\">\r\n                                <!-- Product Tabs -->\r\n                                <div class=\"mission-tabs tabs-box\">\r\n                                    <!--Tab Btns-->\r\n                                    <ul class=\"tab-btns tab-buttons clearfix\">\r\n                                                                                <li data-tab=\"#prod-1\" class=\"tab-btn active-btn\">BYGGEPLADSER<\/li>\r\n                                                                                <li data-tab=\"#prod-2\" class=\"tab-btn\">PROJEKTEFFEKTIVITET<\/li>\r\n                                                                            <\/ul>\r\n                                    \r\n                                    <!--Tabs Container-->\r\n                                    <div class=\"tabs-content\">\r\n                                        \r\n                                                                                <!-- Tab \/ Active Tab -->\r\n                                        <div class=\"tab active-tab\" id=\"prod-1\">\r\n                                            <div class=\"content\">\r\n                                                                                                <div class=\"sec-title\">\r\n                                                                                                        <h2>BYGGEPLADSER &amp; PERSONALE<\/h2>                                                    <div class=\"text\">Vi leverer kvalificeret arbejdskraft og skr\u00e6ddersyede personalel\u00f8sninger for at sikre, at dine byggeprojekter k\u00f8rer gnidningsl\u00f8st, effektivt og efter tidsplanen \u2013 uanset omfang eller kompleksitet.<\/div>                                                <\/div>\r\n                                                                                                <div class=\"row clearfix\">\r\n                                                                                                                                                        <\/div>\r\n                                            <\/div>\r\n                                        <\/div>\r\n                                                                                <!-- Tab \/ Active Tab -->\r\n                                        <div class=\"tab\" id=\"prod-2\">\r\n                                            <div class=\"content\">\r\n                                                                                                <div class=\"sec-title\">\r\n                                                                                                        <h2>Optimering af projekteffektivitet<\/h2>                                                    <div class=\"text\">Udover bemanding str\u00f8mliner vi dit projekts arbejdsgang med strategisk planl\u00e6gning, on-site management og procesoptimering. Vores l\u00f8sninger hj\u00e6lper dig med at reducere omkostningerne, \u00f8ge produktiviteten og levere resultater, der overg\u00e5r forventningerne.<\/div>                                                <\/div>\r\n                                                                                                <div class=\"row clearfix\">\r\n                                                                                                                                                        <\/div>\r\n                                            <\/div>\r\n                                        <\/div>\r\n                                                                               \r\n                                    <\/div>\r\n                                <\/div>\r\n                            <\/div>\r\n                            \r\n                        <\/div>\r\n                    <\/div>\r\n                                    <\/div>\r\n            <\/div>\r\n        <\/div>\r\n    <\/section>\r\n    \r\n    \t\t\t\t<\/div>\n\t\t\t\t<\/div>\n\t\t\t\t\t<\/div>\n\t\t<\/div>\n\t\t\t\t\t<\/div>\n\t\t<\/section>\n\t\t\t\t<section class=\"elementor-section elementor-top-section elementor-element elementor-element-fbd26fc elementor-section-full_width elementor-section-height-default elementor-section-height-default\" data-id=\"fbd26fc\" data-element_type=\"section\" data-e-type=\"section\">\n\t\t\t\t\t\t<div class=\"elementor-container elementor-column-gap-default\">\n\t\t\t\t\t<div class=\"elementor-column elementor-col-100 elementor-top-column elementor-element elementor-element-b195a20\" data-id=\"b195a20\" data-element_type=\"column\" data-e-type=\"column\">\n\t\t\t<div class=\"elementor-widget-wrap elementor-element-populated\">\n\t\t\t\t\t\t<div class=\"elementor-element elementor-element-43a3cc1 elementor-widget elementor-widget-roonix_our_history\" data-id=\"43a3cc1\" data-element_type=\"widget\" data-e-type=\"widget\" data-widget_type=\"roonix_our_history.default\">\n\t\t\t\t<div class=\"elementor-widget-container\">\n\t\t\t\t\t    \r\n    <section class=\"history-section\">\r\n        <div class=\"auto-container\">\r\n                        <!-- Sec Title -->\r\n            <div class=\"sec-title centered\">\r\n                                <h2>Str\u00f8mlinet proces, problemfri implementering<\/h2>            <\/div>\r\n                                                <!-- History Block -->\r\n            <div class=\"history-block\">\r\n                <div class=\"inner-box\">\r\n                    <div class=\"content\">\r\n                        <div class=\"year\">1<\/div>                        <h3>Vurdering og planl\u00e6gning<\/h3>                        <div class=\"text\">Vi samarbejder med dig om at identificere projektkrav, tidsplaner og m\u00e5l, hvilket sikrer en klar og effektiv strategi fra starten.<\/div>                    <\/div>\r\n                <\/div>\r\n            <\/div>\r\n                                                <!-- History Block -->\r\n            <div class=\"history-block\">\r\n                <div class=\"inner-box\">\r\n                    <div class=\"content\">\r\n                        <div class=\"year\">2<\/div>                        <h3>Skr\u00e6ddersyet talentmatching<\/h3>                        <div class=\"text\">Vores team udv\u00e6lger de bedst egnede fagfolk fra vores omfattende netv\u00e6rk for at im\u00f8dekomme de specifikke krav til dit projekt.<\/div>                    <\/div>\r\n                <\/div>\r\n            <\/div>\r\n                                                <!-- History Block -->\r\n            <div class=\"history-block\">\r\n                <div class=\"inner-box\">\r\n                    <div class=\"content\">\r\n                        <div class=\"year\">3<\/div>                        <h3>Onboarding og koordinering<\/h3>                        <div class=\"text\">Vi h\u00e5ndterer problemfri integration af vores arbejdsstyrke i dit projekt, styrer logistik og kommunikation for at holde tingene k\u00f8rende.<\/div>                    <\/div>\r\n                <\/div>\r\n            <\/div>\r\n                                                <!-- History Block -->\r\n            <div class=\"history-block\">\r\n                <div class=\"inner-box\">\r\n                    <div class=\"content\">\r\n                        <div class=\"year\">4<\/div>                        <h3>L\u00f8bende support og optimering<\/h3>                        <div class=\"text\">Gennem hele projektet yder vi l\u00f8bende support, overv\u00e5ger fremskridt og foretager justeringer for at sikre de bedst mulige resultater.<\/div>                    <\/div>\r\n                <\/div>\r\n            <\/div>\r\n                                <\/div>\r\n    <\/section>\r\n  \r\n    \t\t\t\t<\/div>\n\t\t\t\t<\/div>\n\t\t\t\t\t<\/div>\n\t\t<\/div>\n\t\t\t\t\t<\/div>\n\t\t<\/section>\n\t\t\t\t<section class=\"elementor-section elementor-top-section elementor-element elementor-element-dcf80a7 elementor-section-full_width elementor-section-height-default elementor-section-height-default\" data-id=\"dcf80a7\" data-element_type=\"section\" data-e-type=\"section\">\n\t\t\t\t\t\t<div class=\"elementor-container elementor-column-gap-default\">\n\t\t\t\t\t<div class=\"elementor-column elementor-col-100 elementor-top-column elementor-element elementor-element-63e040b\" data-id=\"63e040b\" data-element_type=\"column\" data-e-type=\"column\">\n\t\t\t<div class=\"elementor-widget-wrap elementor-element-populated\">\n\t\t\t\t\t\t<div class=\"elementor-element elementor-element-ac49102 elementor-widget elementor-widget-roonix_our_faqs\" data-id=\"ac49102\" data-element_type=\"widget\" data-e-type=\"widget\" data-widget_type=\"roonix_our_faqs.default\">\n\t\t\t\t<div class=\"elementor-widget-container\">\n\t\t\t\t\t    \r\n    <section class=\"faq-section\">\r\n        <div class=\"auto-container\">\r\n            <div class=\"inner-container\">\r\n                                <!-- Sec Title -->\r\n                <div class=\"sec-title\">\r\n                    <h2>har du sp\u00f8rgsm\u00e5l?<\/h2>\r\n                <\/div>\r\n                                <!-- Accordian Box -->\r\n                <ul class=\"accordion-box\">\r\n                                        <!-- Block -->\r\n                    <li class=\"accordion block\">\r\n                        <div class=\"acc-btn\"><div class=\"icon-outer\"><span class=\"icon fa fa-angle-up\"><\/span><\/div>Hvilke brancher betjener du?<\/div>                                                <div class=\"acc-content\">\r\n                            <div class=\"content\">\r\n                                <div class=\"text\">Vi er specialiseret i at underst\u00f8tte bygge-, datacenter-, produktions- og offentlige arbejder industrier p\u00e5 tv\u00e6rs af Skandinavien.<\/div>\r\n                            <\/div>\r\n                        <\/div>\r\n                                            <\/li>\r\n                                        <!-- Block -->\r\n                    <li class=\"accordion block\">\r\n                        <div class=\"acc-btn\"><div class=\"icon-outer\"><span class=\"icon fa fa-angle-up\"><\/span><\/div>Hvilke typer af personalel\u00f8sninger tilbyder du?<\/div>                                                <div class=\"acc-content\">\r\n                            <div class=\"content\">\r\n                                <div class=\"text\">Vi leverer kort-, mellem- og langtidskontraktarbejdskraft, der er skr\u00e6ddersyet til at im\u00f8dekomme dine projekters unikke behov, hvilket sikrer, at dygtige fagfolk altid er tilg\u00e6ngelige.<\/div>\r\n                            <\/div>\r\n                        <\/div>\r\n                                            <\/li>\r\n                                        <!-- Block -->\r\n                    <li class=\"accordion block\">\r\n                        <div class=\"acc-btn\"><div class=\"icon-outer\"><span class=\"icon fa fa-angle-up\"><\/span><\/div>Kan du h\u00e5ndtere akutte eller sidste \u00f8jebliks personalebehov?<\/div>                                                <div class=\"acc-content\">\r\n                            <div class=\"content\">\r\n                                <div class=\"text\">Ja, vi er stolte af vores smidighed og hurtige reaktion, der leverer p\u00e5lidelige personalel\u00f8sninger selv for stramme deadlines eller uventede projektkrav.<\/div>\r\n                            <\/div>\r\n                        <\/div>\r\n                                            <\/li>\r\n                                        <!-- Block -->\r\n                    <li class=\"accordion block\">\r\n                        <div class=\"acc-btn\"><div class=\"icon-outer\"><span class=\"icon fa fa-angle-up\"><\/span><\/div>Hvilke andre tjenester yder du udover bemanding?<\/div>                                                <div class=\"acc-content\">\r\n                            <div class=\"content\">\r\n                                <div class=\"text\">Ud over bemanding tilbyder vi projektsupport, procesoptimering og on-site management for at hj\u00e6lpe med at str\u00f8mline dit arbejdsflow og \u00f8ge produktiviteten.<\/div>\r\n                            <\/div>\r\n                        <\/div>\r\n                                            <\/li>\r\n                                    <\/ul>\r\n            <\/div>\r\n                        <div class=\"side-image wow fadeInRight\" data-wow-delay=\"0ms\" data-wow-duration=\"1500ms\">\r\n                <img decoding=\"async\" src=\"https:\/\/konceptsitesolutions.dk\/wp-content\/uploads\/2022\/05\/image-2.png\" alt=\"Awesome Image\" \/>\r\n            <\/div>\r\n                    <\/div>\r\n    <\/section>\r\n \r\n    \t\t\t\t<\/div>\n\t\t\t\t<\/div>\n\t\t\t\t\t<\/div>\n\t\t<\/div>\n\t\t\t\t\t<\/div>\n\t\t<\/section>\n\t\t\t\t<section class=\"elementor-section elementor-top-section elementor-element elementor-element-92c22d2 elementor-section-full_width elementor-section-height-default elementor-section-height-default\" data-id=\"92c22d2\" data-element_type=\"section\" data-e-type=\"section\">\n\t\t\t\t\t\t<div class=\"elementor-container elementor-column-gap-default\">\n\t\t\t\t\t<div class=\"elementor-column elementor-col-100 elementor-top-column elementor-element elementor-element-6f6b30a\" data-id=\"6f6b30a\" data-element_type=\"column\" data-e-type=\"column\">\n\t\t\t<div class=\"elementor-widget-wrap elementor-element-populated\">\n\t\t\t\t\t\t<div class=\"elementor-element elementor-element-930068d elementor-widget elementor-widget-roonix_appointment_form_v2\" data-id=\"930068d\" data-element_type=\"widget\" data-e-type=\"widget\" data-widget_type=\"roonix_appointment_form_v2.default\">\n\t\t\t\t<div class=\"elementor-widget-container\">\n\t\t\t\t\t    \r\n    <section class=\"appointment-section\">\r\n                <div class=\"side-image\">\r\n            <img decoding=\"async\" src=\"https:\/\/konceptsitesolutions.dk\/wp-content\/uploads\/2022\/05\/14.png\" alt=\"Awesome Image\" >\r\n        <\/div>\r\n                <div class=\"auto-container\">\r\n            <div class=\"clearfix\">\r\n                <div class=\"inner-container\">\r\n                                        <!-- Sec Title -->\r\n                    <div class=\"sec-title light\">\r\n                        <div class=\"title\">Bestil tid...<\/div>                        <h2>Har du brug for hj\u00e6lp?<\/h2>                    <\/div>\r\n                                        \r\n                                        <!-- Default Form \/ Style Three -->\r\n                    <div class=\"default-form style-three\">\r\n                        \n<div class=\"wpcf7 no-js\" id=\"wpcf7-f275-o1\" lang=\"en-US\" dir=\"ltr\" data-wpcf7-id=\"275\">\n<div class=\"screen-reader-response\"><p role=\"status\" aria-live=\"polite\" aria-atomic=\"true\"><\/p> <ul><\/ul><\/div>\n<form action=\"\/da\/wp-json\/wp\/v2\/pages\/1143#wpcf7-f275-o1\" method=\"post\" class=\"wpcf7-form init\" aria-label=\"Contact form\" novalidate=\"novalidate\" data-status=\"init\" data-trp-original-action=\"\/da\/wp-json\/wp\/v2\/pages\/1143#wpcf7-f275-o1\">\n<fieldset class=\"hidden-fields-container\"><input type=\"hidden\" name=\"_wpcf7\" value=\"275\" \/><input type=\"hidden\" name=\"_wpcf7_version\" value=\"6.1.5\" \/><input type=\"hidden\" name=\"_wpcf7_locale\" value=\"en_US\" \/><input type=\"hidden\" name=\"_wpcf7_unit_tag\" value=\"wpcf7-f275-o1\" \/><input type=\"hidden\" name=\"_wpcf7_container_post\" value=\"0\" \/><input type=\"hidden\" name=\"_wpcf7_posted_data_hash\" value=\"\" \/>\n<\/fieldset>\n<div class=\"row clearfix\">\n\t<div class=\"col-lg-6 col-md-6 col-sm-12 form-group\">\n\t\t<p><span class=\"wpcf7-form-control-wrap\" data-name=\"text-167\"><input size=\"40\" maxlength=\"400\" class=\"wpcf7-form-control wpcf7-text wpcf7-validates-as-required\" aria-required=\"true\" aria-invalid=\"false\" placeholder=\"Indtast dit navn\" value=\"\" type=\"text\" name=\"text-167\" \/><\/span>\n\t\t<\/p>\n\t<\/div>\n\t<div class=\"col-lg-6 col-md-6 col-sm-12 form-group\">\n\t\t<p><span class=\"wpcf7-form-control-wrap\" data-name=\"text-168\"><input size=\"40\" maxlength=\"400\" class=\"wpcf7-form-control wpcf7-text wpcf7-validates-as-required\" aria-required=\"true\" aria-invalid=\"false\" placeholder=\"Bynavn\" value=\"\" type=\"text\" name=\"text-168\" \/><\/span>\n\t\t<\/p>\n\t<\/div>\n\t<div class=\"col-lg-6 col-md-6 col-sm-12 form-group\">\n\t\t<p><span class=\"wpcf7-form-control-wrap\" data-name=\"email-69\"><input size=\"40\" maxlength=\"400\" class=\"wpcf7-form-control wpcf7-email wpcf7-validates-as-required wpcf7-text wpcf7-validates-as-email\" aria-required=\"true\" aria-invalid=\"false\" placeholder=\"Mailadresse\" value=\"\" type=\"email\" name=\"email-69\" \/><\/span>\n\t\t<\/p>\n\t<\/div>\n\t<div class=\"col-lg-6 col-md-6 col-sm-12 form-group\">\n\t\t<p><span class=\"wpcf7-form-control-wrap\" data-name=\"text-169\"><input size=\"40\" maxlength=\"400\" class=\"wpcf7-form-control wpcf7-text wpcf7-validates-as-required\" aria-required=\"true\" aria-invalid=\"false\" placeholder=\"Telefonnummer\" value=\"\" type=\"text\" name=\"text-169\" \/><\/span>\n\t\t<\/p>\n\t<\/div>\n\t<div class=\"col-lg-12 col-md-12 col-sm-12 form-group\">\n\t\t<p><span class=\"wpcf7-form-control-wrap\" data-name=\"textarea-794\"><textarea cols=\"40\" rows=\"10\" maxlength=\"2000\" class=\"wpcf7-form-control wpcf7-textarea wpcf7-validates-as-required\" aria-required=\"true\" aria-invalid=\"false\" placeholder=\"Skriv din besked\" name=\"textarea-794\"><\/textarea><\/span>\n\t\t<\/p>\n\t<\/div>\n\t<div class=\"col-lg-12 col-md-12 col-sm-12 form-group text-right\">\n\t\t<p><button class=\"theme-btn btn-style-one\"><span class=\"btn-wrap\"><span class=\"text-one\">Send nu<\/span><span class=\"text-two\">Send nu<\/span><\/span><br \/>\n<\/button>\n\t\t<\/p>\n\t<\/div>\n<\/div><div class=\"wpcf7-response-output\" aria-hidden=\"true\"><\/div>\n<input type=\"hidden\" name=\"trp-form-language\" value=\"da\"\/><\/form>\n<\/div>\n                    <\/div>\r\n                    <!-- End Default Form -->\r\n                                    <\/div>\r\n        \t<\/div>\r\n        <\/div>\r\n        \r\n    <\/section>\r\n\r\n    \t\t\t\t<\/div>\n\t\t\t\t<\/div>\n\t\t\t\t\t<\/div>\n\t\t<\/div>\n\t\t\t\t\t<\/div>\n\t\t<\/section>\n\t\t\t\t<\/div>","protected":false},"excerpt":{"rendered":"<p>About Company&#8230; Driven by Passion, Guided by Experience Koncept Site Solutions was born from a deep commitment to transforming the way projects are built. Our journey began with a vision to provide more than just labor\u2014we deliver expertise, innovation, and reliability to every worksite. With every project, we write a new chapter in a story [&hellip;]<\/p>\n","protected":false},"author":1,"featured_media":0,"parent":0,"menu_order":0,"comment_status":"closed","ping_status":"closed","template":"tpl-default-elementor.php","meta":{"footnotes":""},"class_list":["post-1143","page","type-page","status-publish","hentry"],"_links":{"self":[{"href":"https:\/\/konceptsitesolutions.dk\/da\/wp-json\/wp\/v2\/pages\/1143","targetHints":{"allow":["GET"]}}],"collection":[{"href":"https:\/\/konceptsitesolutions.dk\/da\/wp-json\/wp\/v2\/pages"}],"about":[{"href":"https:\/\/konceptsitesolutions.dk\/da\/wp-json\/wp\/v2\/types\/page"}],"author":[{"embeddable":true,"href":"https:\/\/konceptsitesolutions.dk\/da\/wp-json\/wp\/v2\/users\/1"}],"replies":[{"embeddable":true,"href":"https:\/\/konceptsitesolutions.dk\/da\/wp-json\/wp\/v2\/comments?post=1143"}],"version-history":[{"count":8,"href":"https:\/\/konceptsitesolutions.dk\/da\/wp-json\/wp\/v2\/pages\/1143\/revisions"}],"predecessor-version":[{"id":1259,"href":"https:\/\/konceptsitesolutions.dk\/da\/wp-json\/wp\/v2\/pages\/1143\/revisions\/1259"}],"wp:attachment":[{"href":"https:\/\/konceptsitesolutions.dk\/da\/wp-json\/wp\/v2\/media?parent=1143"}],"curies":[{"name":"wp","href":"https:\/\/api.w.org\/{rel}","templated":true}]}}